{"id":77,"date":"2024-04-11T20:50:04","date_gmt":"2024-04-11T20:50:04","guid":{"rendered":"https:\/\/voice-rejoice.com\/?page_id=77"},"modified":"2024-05-22T17:35:28","modified_gmt":"2024-05-22T17:35:28","slug":"impressum","status":"publish","type":"page","link":"https:\/\/voice-rejoice.com\/?page_id=77","title":{"rendered":"Impressum &#038; Datenschutz"},"content":{"rendered":"\n<p>Gospelchor &#8222;VOICE, REJOICE!&#8220; <\/p>\n\n\n\n<p>der<\/p>\n\n\n\n<p>Pfarre Hinterbr\u00fchl<br>Hauptstra\u00dfe 68<br>A-2371 Hinterbr\u00fchl<\/p>\n\n\n\n<p>chor@voice-rejoice.com<\/p>\n\n\n\n<p>Ersteller der Website: Richard Neuwirth<\/p>\n\n\n\n<p>Es werden nur f\u00fcr den Betrieb der Website technisch notwendige Cookies (Session ID u.dgl.) gesetzt. Beim Besuch unserer Website wird eine Session ID, Beginn und Ende der Sitzung f\u00fcr die Dauer dieser Sitzung erfasst. Dies ist aus technischen Gr\u00fcnden\u00a0erforderlich und stellt damit ein berechtigtes Interesse i.S.v. Art 6 Abs 1 lit f DSGVO dar. Diese Daten werden von uns nicht weiterverarbeitet.<\/p>\n\n\n\n<p>Ihnen stehen bez\u00fcglich Ihrer von uns verarbeiteten Daten grunds\u00e4tzlich die Rechte auf Auskunft, Berichtigung, L\u00f6schung, Einschr\u00e4nkung, Daten\u00fcbertragbarkeit, Widerruf und Widerspruch zu. Wenn Sie glauben, dass die Verarbeitung Ihrer Daten gegen das Datenschutzrecht verst\u00f6\u00dft oder Ihre datenschutzrechtlichen Anspr\u00fcche sonst in einer Weise verletzt worden sind, k\u00f6nnen Sie sich bei uns melden.<\/p>\n\n\n\n<p>Sie haben das Recht, sich an die Datenschutzbeh\u00f6rde als zust\u00e4ndige Aufsichtsbeh\u00f6rde zu wenden:<\/p>\n\n\n\n<p>\u00d6sterreichische Datenschutzbeh\u00f6rde<br>Barichgasse 40-42<br>1030 Wien<br><a rel=\"noreferrer noopener\" target=\"_blank\" href=\"mailto:dsb@dsb.gv.at\">dsb@dsb.gv.at<\/a><\/p>\n\n\n\n<p><\/p>\n","protected":false},"excerpt":{"rendered":"<p>Gospelchor &#8222;VOICE, REJOICE!&#8220; der Pfarre Hinterbr\u00fchlHauptstra\u00dfe 68A-2371 Hinterbr\u00fchl chor@voice-rejoice.com Ersteller der Website: Richard Neuwirth Es werden nur f\u00fcr den Betrieb der Website technisch notwendige Cookies (Session ID u.dgl.) gesetzt. Beim&hellip;<a href=\"https:\/\/voice-rejoice.com\/?page_id=77\" class=\"more-link\"><span class=\"more-button\">Continue reading<span class=\"screen-reader-text\">Impressum &#038; Datenschutz<\/span><\/span><\/a><\/p>\n","protected":false},"author":1,"featured_media":0,"parent":0,"menu_order":0,"comment_status":"closed","ping_status":"closed","template":"","meta":{"footnotes":""},"class_list":["post-77","page","type-page","status-publish","hentry"],"_links":{"self":[{"href":"https:\/\/voice-rejoice.com\/index.php?rest_route=\/wp\/v2\/pages\/77","targetHints":{"allow":["GET"]}}],"collection":[{"href":"https:\/\/voice-rejoice.com\/index.php?rest_route=\/wp\/v2\/pages"}],"about":[{"href":"https:\/\/voice-rejoice.com\/index.php?rest_route=\/wp\/v2\/types\/page"}],"author":[{"embeddable":true,"href":"https:\/\/voice-rejoice.com\/index.php?rest_route=\/wp\/v2\/users\/1"}],"replies":[{"embeddable":true,"href":"https:\/\/voice-rejoice.com\/index.php?rest_route=%2Fwp%2Fv2%2Fcomments&post=77"}],"version-history":[{"count":2,"href":"https:\/\/voice-rejoice.com\/index.php?rest_route=\/wp\/v2\/pages\/77\/revisions"}],"predecessor-version":[{"id":121,"href":"https:\/\/voice-rejoice.com\/index.php?rest_route=\/wp\/v2\/pages\/77\/revisions\/121"}],"wp:attachment":[{"href":"https:\/\/voice-rejoice.com\/index.php?rest_route=%2Fwp%2Fv2%2Fmedia&parent=77"}],"curies":[{"name":"wp","href":"https:\/\/api.w.org\/{rel}","templated":true}]}}